{"id":1596,"date":"2025-07-08T16:30:38","date_gmt":"2025-07-08T14:30:38","guid":{"rendered":"https:\/\/www.sann.at\/brunnenviertel\/?page_id=1596"},"modified":"2025-07-08T16:34:20","modified_gmt":"2025-07-08T14:34:20","slug":"die-tackerei","status":"publish","type":"page","link":"http:\/\/www.sann.at\/brunnenviertel\/unternehmer\/die-tackerei\/","title":{"rendered":"Die Tackerei"},"content":{"rendered":"\n<p>Bald erf\u00e4hrst du mehr \u00fcber unser IG Brunnenviertel-Mitglied&#8230;<\/p>\n\n\n\n<p><strong>\u00d6ffnungszeiten<\/strong><br>Mi-Fr 16 bis 22 Uhr<br>Sa 12 bis 22 Uhr<\/p>\n\n\n\n<p><strong>Brunnenmarkt 142, 1160 Wien<br>Tel. 0677 62090842<\/strong><\/p>\n\n\n\n<p><a href=\"https:\/\/www.instagram.com\/die_tackerei\/?hl=de\" target=\"_blank\" rel=\"noreferrer noopener\"><strong>Instagram<\/strong><\/a><\/p>\n","protected":false},"excerpt":{"rendered":"<p>Bald erf\u00e4hrst du mehr \u00fcber unser IG Brunnenviertel-Mitglied&#8230; \u00d6ffnungszeitenMi-Fr 16 bis 22 UhrSa 12 bis 22 Uhr Brunnenmarkt 142, 1160 WienTel. 0677 62090842 Instagram<\/p>\n","protected":false},"author":6,"featured_media":0,"parent":1515,"menu_order":0,"comment_status":"closed","ping_status":"closed","template":"","meta":{"ocean_post_layout":"full-width","ocean_both_sidebars_style":"","ocean_both_sidebars_content_width":0,"ocean_both_sidebars_sidebars_width":0,"ocean_sidebar":"0","ocean_second_sidebar":"0","ocean_disable_margins":"enable","ocean_add_body_class":"","ocean_shortcode_before_top_bar":"","ocean_shortcode_after_top_bar":"","ocean_shortcode_before_header":"","ocean_shortcode_after_header":"","ocean_has_shortcode":"","ocean_shortcode_after_title":"","ocean_shortcode_before_footer_widgets":"","ocean_shortcode_after_footer_widgets":"","ocean_shortcode_before_footer_bottom":"","ocean_shortcode_after_footer_bottom":"","ocean_display_top_bar":"default","ocean_display_header":"default","ocean_header_style":"","ocean_center_header_left_menu":"0","ocean_custom_header_template":"0","ocean_custom_logo":0,"ocean_custom_retina_logo":0,"ocean_custom_logo_max_width":0,"ocean_custom_logo_tablet_max_width":0,"ocean_custom_logo_mobile_max_width":0,"ocean_custom_logo_max_height":0,"ocean_custom_logo_tablet_max_height":0,"ocean_custom_logo_mobile_max_height":0,"ocean_header_custom_menu":"0","ocean_menu_typo_font_family":"0","ocean_menu_typo_font_subset":"","ocean_menu_typo_font_size":0,"ocean_menu_typo_font_size_tablet":0,"ocean_menu_typo_font_size_mobile":0,"ocean_menu_typo_font_size_unit":"px","ocean_menu_typo_font_weight":"","ocean_menu_typo_font_weight_tablet":"","ocean_menu_typo_font_weight_mobile":"","ocean_menu_typo_transform":"","ocean_menu_typo_transform_tablet":"","ocean_menu_typo_transform_mobile":"","ocean_menu_typo_line_height":0,"ocean_menu_typo_line_height_tablet":0,"ocean_menu_typo_line_height_mobile":0,"ocean_menu_typo_line_height_unit":"","ocean_menu_typo_spacing":0,"ocean_menu_typo_spacing_tablet":0,"ocean_menu_typo_spacing_mobile":0,"ocean_menu_typo_spacing_unit":"","ocean_menu_link_color":"","ocean_menu_link_color_hover":"","ocean_menu_link_color_active":"","ocean_menu_link_background":"","ocean_menu_link_hover_background":"","ocean_menu_link_active_background":"","ocean_menu_social_links_bg":"","ocean_menu_social_hover_links_bg":"","ocean_menu_social_links_color":"","ocean_menu_social_hover_links_color":"","ocean_disable_title":"enable","ocean_disable_heading":"default","ocean_post_title":"Die Tackerei","ocean_post_subheading":"Tacos Austriacos","ocean_post_title_style":"","ocean_post_title_background_color":"","ocean_post_title_background":0,"ocean_post_title_bg_image_position":"","ocean_post_title_bg_image_attachment":"","ocean_post_title_bg_image_repeat":"","ocean_post_title_bg_image_size":"","ocean_post_title_height":0,"ocean_post_title_bg_overlay":0.5,"ocean_post_title_bg_overlay_color":"","ocean_disable_breadcrumbs":"default","ocean_breadcrumbs_color":"","ocean_breadcrumbs_separator_color":"","ocean_breadcrumbs_links_color":"","ocean_breadcrumbs_links_hover_color":"","ocean_display_footer_widgets":"default","ocean_display_footer_bottom":"default","ocean_custom_footer_template":"0","footnotes":""},"class_list":["post-1596","page","type-page","status-publish","hentry","entry"],"_links":{"self":[{"href":"http:\/\/www.sann.at\/brunnenviertel\/wp-json\/wp\/v2\/pages\/1596","targetHints":{"allow":["GET"]}}],"collection":[{"href":"http:\/\/www.sann.at\/brunnenviertel\/wp-json\/wp\/v2\/pages"}],"about":[{"href":"http:\/\/www.sann.at\/brunnenviertel\/wp-json\/wp\/v2\/types\/page"}],"author":[{"embeddable":true,"href":"http:\/\/www.sann.at\/brunnenviertel\/wp-json\/wp\/v2\/users\/6"}],"replies":[{"embeddable":true,"href":"http:\/\/www.sann.at\/brunnenviertel\/wp-json\/wp\/v2\/comments?post=1596"}],"version-history":[{"count":2,"href":"http:\/\/www.sann.at\/brunnenviertel\/wp-json\/wp\/v2\/pages\/1596\/revisions"}],"predecessor-version":[{"id":1605,"href":"http:\/\/www.sann.at\/brunnenviertel\/wp-json\/wp\/v2\/pages\/1596\/revisions\/1605"}],"up":[{"embeddable":true,"href":"http:\/\/www.sann.at\/brunnenviertel\/wp-json\/wp\/v2\/pages\/1515"}],"wp:attachment":[{"href":"http:\/\/www.sann.at\/brunnenviertel\/wp-json\/wp\/v2\/media?parent=1596"}],"curies":[{"name":"wp","href":"https:\/\/api.w.org\/{rel}","templated":true}]}}