{"id":1578,"date":"2025-07-08T16:07:06","date_gmt":"2025-07-08T14:07:06","guid":{"rendered":"https:\/\/www.sann.at\/brunnenviertel\/?page_id=1578"},"modified":"2025-07-08T16:49:02","modified_gmt":"2025-07-08T14:49:02","slug":"j-marvan-tam","status":"publish","type":"page","link":"http:\/\/www.sann.at\/brunnenviertel\/unternehmer\/j-marvan-tam\/","title":{"rendered":"J. Marvan TAM"},"content":{"rendered":"<div class=\"wp-block-image\">\n<figure class=\"alignleft size-full is-resized\"><img loading=\"lazy\" decoding=\"async\" width=\"595\" height=\"839\" src=\"https:\/\/www.sann.at\/brunnenviertel\/wp-content\/uploads\/2025\/07\/Marvan_Installateur.jpg\" alt=\"\" class=\"wp-image-1579\" style=\"width:355px;height:500px\" srcset=\"http:\/\/www.sann.at\/brunnenviertel\/wp-content\/uploads\/2025\/07\/Marvan_Installateur.jpg 595w, http:\/\/www.sann.at\/brunnenviertel\/wp-content\/uploads\/2025\/07\/Marvan_Installateur-213x300.jpg 213w\" sizes=\"auto, (max-width: 595px) 100vw, 595px\" \/><\/figure><\/div>\n\n\n<p>Als Familienunternehmen \u00fcbt Familie Marvan bereits in 4. Generation das Handwerk des Installateurs aus. Johann Marvan ist f\u00fcr Planung, Beratung und Verkauf zust\u00e4ndig, sein Sohn Sebastian f\u00fcr technische Umsetzungen und innovative Ideen.<\/p>\n\n\n\n<p>Wir bauen auf langj\u00e4hrige Erfahrung und verbinden diese mit modernsten Standards. Die Freude am Handwerk, eine famili\u00e4re Betriebsf\u00fchrung und das Wahrnehmen des Kundenwunsches sind unsere St\u00e4rken. Unser Wissen geben wir an unsere Lehrlinge weiter. Ob in Bezug auf Badgestaltung, Therme, Wohnrauml\u00fcftung, W\u00e4rmepumpen, Photovoltaik und Klimatechnik, wir beraten Sie gerne und freuen uns auf ein Gespr\u00e4ch mit Ihnen!<\/p>\n\n\n\n<p><strong>\u00d6ffnungszeiten<\/strong><br>Mo-Do 9.00 &#8211; 12.00 &amp; 13.00 &#8211; 17.00 | Fr 9.00 &#8211; 14.00<\/p>\n\n\n\n<p><strong>J. MARVAN-TAM GmbH<br>Neulerchenfelder Stra\u00dfe 33 \u2022 1160 Wien<\/strong><\/p>\n\n\n\n<p><strong>Tel. +43 (01) 406 31 63<br><a href=\"mailto:office@marvan.at\">office@marvan.at<\/a><br><a href=\"https:\/\/www.marvan.at\/\" target=\"_blank\" rel=\"noreferrer noopener\">www.marvan.at<\/a><\/strong><\/p>\n","protected":false},"excerpt":{"rendered":"<p>Als Familienunternehmen \u00fcbt Familie Marvan bereits in 4. Generation das Handwerk des Installateurs aus. Johann Marvan ist f\u00fcr Planung, Beratung und Verkauf zust\u00e4ndig, sein Sohn Sebastian f\u00fcr technische Umsetzungen und innovative Ideen. Wir bauen auf langj\u00e4hrige Erfahrung und verbinden diese mit modernsten Standards. Die Freude am Handwerk, eine famili\u00e4re Betriebsf\u00fchrung und das Wahrnehmen des Kundenwunsches [&hellip;]<\/p>\n","protected":false},"author":6,"featured_media":0,"parent":1515,"menu_order":0,"comment_status":"closed","ping_status":"closed","template":"","meta":{"ocean_post_layout":"full-width","ocean_both_sidebars_style":"","ocean_both_sidebars_content_width":0,"ocean_both_sidebars_sidebars_width":0,"ocean_sidebar":"0","ocean_second_sidebar":"0","ocean_disable_margins":"enable","ocean_add_body_class":"","ocean_shortcode_before_top_bar":"","ocean_shortcode_after_top_bar":"","ocean_shortcode_before_header":"","ocean_shortcode_after_header":"","ocean_has_shortcode":"","ocean_shortcode_after_title":"","ocean_shortcode_before_footer_widgets":"","ocean_shortcode_after_footer_widgets":"","ocean_shortcode_before_footer_bottom":"","ocean_shortcode_after_footer_bottom":"","ocean_display_top_bar":"default","ocean_display_header":"default","ocean_header_style":"","ocean_center_header_left_menu":"0","ocean_custom_header_template":"0","ocean_custom_logo":0,"ocean_custom_retina_logo":0,"ocean_custom_logo_max_width":0,"ocean_custom_logo_tablet_max_width":0,"ocean_custom_logo_mobile_max_width":0,"ocean_custom_logo_max_height":0,"ocean_custom_logo_tablet_max_height":0,"ocean_custom_logo_mobile_max_height":0,"ocean_header_custom_menu":"0","ocean_menu_typo_font_family":"0","ocean_menu_typo_font_subset":"","ocean_menu_typo_font_size":0,"ocean_menu_typo_font_size_tablet":0,"ocean_menu_typo_font_size_mobile":0,"ocean_menu_typo_font_size_unit":"px","ocean_menu_typo_font_weight":"","ocean_menu_typo_font_weight_tablet":"","ocean_menu_typo_font_weight_mobile":"","ocean_menu_typo_transform":"","ocean_menu_typo_transform_tablet":"","ocean_menu_typo_transform_mobile":"","ocean_menu_typo_line_height":0,"ocean_menu_typo_line_height_tablet":0,"ocean_menu_typo_line_height_mobile":0,"ocean_menu_typo_line_height_unit":"","ocean_menu_typo_spacing":0,"ocean_menu_typo_spacing_tablet":0,"ocean_menu_typo_spacing_mobile":0,"ocean_menu_typo_spacing_unit":"","ocean_menu_link_color":"","ocean_menu_link_color_hover":"","ocean_menu_link_color_active":"","ocean_menu_link_background":"","ocean_menu_link_hover_background":"","ocean_menu_link_active_background":"","ocean_menu_social_links_bg":"","ocean_menu_social_hover_links_bg":"","ocean_menu_social_links_color":"","ocean_menu_social_hover_links_color":"","ocean_disable_title":"enable","ocean_disable_heading":"default","ocean_post_title":"J. Marvan TAM","ocean_post_subheading":"Ihr Installateur","ocean_post_title_style":"","ocean_post_title_background_color":"","ocean_post_title_background":0,"ocean_post_title_bg_image_position":"","ocean_post_title_bg_image_attachment":"","ocean_post_title_bg_image_repeat":"","ocean_post_title_bg_image_size":"","ocean_post_title_height":0,"ocean_post_title_bg_overlay":0.5,"ocean_post_title_bg_overlay_color":"","ocean_disable_breadcrumbs":"default","ocean_breadcrumbs_color":"","ocean_breadcrumbs_separator_color":"","ocean_breadcrumbs_links_color":"","ocean_breadcrumbs_links_hover_color":"","ocean_display_footer_widgets":"default","ocean_display_footer_bottom":"default","ocean_custom_footer_template":"0","footnotes":""},"class_list":["post-1578","page","type-page","status-publish","hentry","entry"],"_links":{"self":[{"href":"http:\/\/www.sann.at\/brunnenviertel\/wp-json\/wp\/v2\/pages\/1578","targetHints":{"allow":["GET"]}}],"collection":[{"href":"http:\/\/www.sann.at\/brunnenviertel\/wp-json\/wp\/v2\/pages"}],"about":[{"href":"http:\/\/www.sann.at\/brunnenviertel\/wp-json\/wp\/v2\/types\/page"}],"author":[{"embeddable":true,"href":"http:\/\/www.sann.at\/brunnenviertel\/wp-json\/wp\/v2\/users\/6"}],"replies":[{"embeddable":true,"href":"http:\/\/www.sann.at\/brunnenviertel\/wp-json\/wp\/v2\/comments?post=1578"}],"version-history":[{"count":3,"href":"http:\/\/www.sann.at\/brunnenviertel\/wp-json\/wp\/v2\/pages\/1578\/revisions"}],"predecessor-version":[{"id":1630,"href":"http:\/\/www.sann.at\/brunnenviertel\/wp-json\/wp\/v2\/pages\/1578\/revisions\/1630"}],"up":[{"embeddable":true,"href":"http:\/\/www.sann.at\/brunnenviertel\/wp-json\/wp\/v2\/pages\/1515"}],"wp:attachment":[{"href":"http:\/\/www.sann.at\/brunnenviertel\/wp-json\/wp\/v2\/media?parent=1578"}],"curies":[{"name":"wp","href":"https:\/\/api.w.org\/{rel}","templated":true}]}}