{"id":1574,"date":"2025-07-08T16:05:00","date_gmt":"2025-07-08T14:05:00","guid":{"rendered":"https:\/\/www.sann.at\/brunnenviertel\/?page_id=1574"},"modified":"2025-07-08T16:48:33","modified_gmt":"2025-07-08T14:48:33","slug":"noble-soap","status":"publish","type":"page","link":"http:\/\/www.sann.at\/brunnenviertel\/unternehmer\/noble-soap\/","title":{"rendered":"Noble Soap"},"content":{"rendered":"<div class=\"wp-block-image\">\n<figure class=\"alignleft size-full is-resized\"><img loading=\"lazy\" decoding=\"async\" width=\"595\" height=\"839\" src=\"https:\/\/www.sann.at\/brunnenviertel\/wp-content\/uploads\/2025\/07\/Noble_Soap.jpg\" alt=\"\" class=\"wp-image-1575\" style=\"width:355px;height:500px\" srcset=\"http:\/\/www.sann.at\/brunnenviertel\/wp-content\/uploads\/2025\/07\/Noble_Soap.jpg 595w, http:\/\/www.sann.at\/brunnenviertel\/wp-content\/uploads\/2025\/07\/Noble_Soap-213x300.jpg 213w\" sizes=\"auto, (max-width: 595px) 100vw, 595px\" \/><\/figure><\/div>\n\n\n<p>Natural Noble\u2122 Soap bietet eine breite Palette von Premium Haut-, Haar- und K\u00f6rperpflegeprodukten an und verkauft im Zero Waste Flagship Store am Brunnenmarkt ausschlie\u00dflich nat\u00fcrliche, vegane, palm\u00f6l- und plastikfreie Produkte.<br>Die Noble Soap gilt als eines der \u00e4ltesten Seifenrezepte der Welt und stammt aus der Zeit um 2400 v. Chr. Sie enth\u00e4lt ausschlie\u00dflich Oliven- und Lorbeer\u00f6l und muss mindestens ein Jahr lang trocknen, bevor sie verpackt und zum Verkauf angeboten wird.<br>Das Team von Noble Soap ist \u00e4u\u00dferst freundlich und hilfsbereit und wird Sie beraten, was f\u00fcr Ihre Haut am besten geeignet ist.<br>Wir empfehlen einen Besuch bei Noble Soap, Nr. 116 am Brunnenmarkt\/Yppenplatz.<\/p>\n\n\n\n<p><strong>\u00d6ffnungszeiten<\/strong><br>Di-Fr 14.00\u201318.00 | Sa 08.00\u201314.00<\/p>\n\n\n\n<p><strong>NOBLE SOAP &#8211; ZERO WASTE FLAGSHIP STORE<br>Brunnenmarkt 116\/ Yppenplatz \u2022 1160 Wien<\/strong><\/p>\n\n\n\n<p><strong>Tel. +43 (0)676 767 11 11<br><a href=\"mailto:care@noblesoap.com\">care@noblesoap.com<\/a><br><a href=\"https:\/\/noblesoap.com\/?page_id=73&amp;lang=de\" target=\"_blank\" rel=\"noreferrer noopener\">wwwnoblesoap.com<\/a><\/strong><\/p>\n","protected":false},"excerpt":{"rendered":"<p>Natural Noble\u2122 Soap bietet eine breite Palette von Premium Haut-, Haar- und K\u00f6rperpflegeprodukten an und verkauft im Zero Waste Flagship Store am Brunnenmarkt ausschlie\u00dflich nat\u00fcrliche, vegane, palm\u00f6l- und plastikfreie Produkte.Die Noble Soap gilt als eines der \u00e4ltesten Seifenrezepte der Welt und stammt aus der Zeit um 2400 v. Chr. Sie enth\u00e4lt ausschlie\u00dflich Oliven- und Lorbeer\u00f6l [&hellip;]<\/p>\n","protected":false},"author":6,"featured_media":0,"parent":1515,"menu_order":0,"comment_status":"closed","ping_status":"closed","template":"","meta":{"ocean_post_layout":"full-width","ocean_both_sidebars_style":"","ocean_both_sidebars_content_width":0,"ocean_both_sidebars_sidebars_width":0,"ocean_sidebar":"0","ocean_second_sidebar":"0","ocean_disable_margins":"enable","ocean_add_body_class":"","ocean_shortcode_before_top_bar":"","ocean_shortcode_after_top_bar":"","ocean_shortcode_before_header":"","ocean_shortcode_after_header":"","ocean_has_shortcode":"","ocean_shortcode_after_title":"","ocean_shortcode_before_footer_widgets":"","ocean_shortcode_after_footer_widgets":"","ocean_shortcode_before_footer_bottom":"","ocean_shortcode_after_footer_bottom":"","ocean_display_top_bar":"default","ocean_display_header":"default","ocean_header_style":"","ocean_center_header_left_menu":"0","ocean_custom_header_template":"0","ocean_custom_logo":0,"ocean_custom_retina_logo":0,"ocean_custom_logo_max_width":0,"ocean_custom_logo_tablet_max_width":0,"ocean_custom_logo_mobile_max_width":0,"ocean_custom_logo_max_height":0,"ocean_custom_logo_tablet_max_height":0,"ocean_custom_logo_mobile_max_height":0,"ocean_header_custom_menu":"0","ocean_menu_typo_font_family":"0","ocean_menu_typo_font_subset":"","ocean_menu_typo_font_size":0,"ocean_menu_typo_font_size_tablet":0,"ocean_menu_typo_font_size_mobile":0,"ocean_menu_typo_font_size_unit":"px","ocean_menu_typo_font_weight":"","ocean_menu_typo_font_weight_tablet":"","ocean_menu_typo_font_weight_mobile":"","ocean_menu_typo_transform":"","ocean_menu_typo_transform_tablet":"","ocean_menu_typo_transform_mobile":"","ocean_menu_typo_line_height":0,"ocean_menu_typo_line_height_tablet":0,"ocean_menu_typo_line_height_mobile":0,"ocean_menu_typo_line_height_unit":"","ocean_menu_typo_spacing":0,"ocean_menu_typo_spacing_tablet":0,"ocean_menu_typo_spacing_mobile":0,"ocean_menu_typo_spacing_unit":"","ocean_menu_link_color":"","ocean_menu_link_color_hover":"","ocean_menu_link_color_active":"","ocean_menu_link_background":"","ocean_menu_link_hover_background":"","ocean_menu_link_active_background":"","ocean_menu_social_links_bg":"","ocean_menu_social_hover_links_bg":"","ocean_menu_social_links_color":"","ocean_menu_social_hover_links_color":"","ocean_disable_title":"enable","ocean_disable_heading":"default","ocean_post_title":"Noble Soap","ocean_post_subheading":"Nachhaltige und umweltfreundliche  Haar- und K\u00f6rperpflege","ocean_post_title_style":"","ocean_post_title_background_color":"","ocean_post_title_background":0,"ocean_post_title_bg_image_position":"","ocean_post_title_bg_image_attachment":"","ocean_post_title_bg_image_repeat":"","ocean_post_title_bg_image_size":"","ocean_post_title_height":0,"ocean_post_title_bg_overlay":0.5,"ocean_post_title_bg_overlay_color":"","ocean_disable_breadcrumbs":"default","ocean_breadcrumbs_color":"","ocean_breadcrumbs_separator_color":"","ocean_breadcrumbs_links_color":"","ocean_breadcrumbs_links_hover_color":"","ocean_display_footer_widgets":"default","ocean_display_footer_bottom":"default","ocean_custom_footer_template":"0","footnotes":""},"class_list":["post-1574","page","type-page","status-publish","hentry","entry"],"_links":{"self":[{"href":"http:\/\/www.sann.at\/brunnenviertel\/wp-json\/wp\/v2\/pages\/1574","targetHints":{"allow":["GET"]}}],"collection":[{"href":"http:\/\/www.sann.at\/brunnenviertel\/wp-json\/wp\/v2\/pages"}],"about":[{"href":"http:\/\/www.sann.at\/brunnenviertel\/wp-json\/wp\/v2\/types\/page"}],"author":[{"embeddable":true,"href":"http:\/\/www.sann.at\/brunnenviertel\/wp-json\/wp\/v2\/users\/6"}],"replies":[{"embeddable":true,"href":"http:\/\/www.sann.at\/brunnenviertel\/wp-json\/wp\/v2\/comments?post=1574"}],"version-history":[{"count":2,"href":"http:\/\/www.sann.at\/brunnenviertel\/wp-json\/wp\/v2\/pages\/1574\/revisions"}],"predecessor-version":[{"id":1629,"href":"http:\/\/www.sann.at\/brunnenviertel\/wp-json\/wp\/v2\/pages\/1574\/revisions\/1629"}],"up":[{"embeddable":true,"href":"http:\/\/www.sann.at\/brunnenviertel\/wp-json\/wp\/v2\/pages\/1515"}],"wp:attachment":[{"href":"http:\/\/www.sann.at\/brunnenviertel\/wp-json\/wp\/v2\/media?parent=1574"}],"curies":[{"name":"wp","href":"https:\/\/api.w.org\/{rel}","templated":true}]}}