{"id":1570,"date":"2025-07-08T16:02:17","date_gmt":"2025-07-08T14:02:17","guid":{"rendered":"https:\/\/www.sann.at\/brunnenviertel\/?page_id=1570"},"modified":"2025-07-08T16:47:32","modified_gmt":"2025-07-08T14:47:32","slug":"apotheke-zum-papst","status":"publish","type":"page","link":"http:\/\/www.sann.at\/brunnenviertel\/unternehmer\/apotheke-zum-papst\/","title":{"rendered":"Apotheke zum Papst"},"content":{"rendered":"<div class=\"wp-block-image\">\n<figure class=\"alignleft size-full is-resized\"><img loading=\"lazy\" decoding=\"async\" width=\"595\" height=\"839\" src=\"https:\/\/www.sann.at\/brunnenviertel\/wp-content\/uploads\/2025\/07\/Apotheke_zum_Papst.jpg\" alt=\"\" class=\"wp-image-1571\" style=\"width:355px;height:500px\" srcset=\"http:\/\/www.sann.at\/brunnenviertel\/wp-content\/uploads\/2025\/07\/Apotheke_zum_Papst.jpg 595w, http:\/\/www.sann.at\/brunnenviertel\/wp-content\/uploads\/2025\/07\/Apotheke_zum_Papst-213x300.jpg 213w\" sizes=\"auto, (max-width: 595px) 100vw, 595px\" \/><\/figure><\/div>\n\n\n<p>In guter Familientradition f\u00fchrt Mag. Brigitte Glantschnig seit 2022 die Apotheke zum Papst und wird von ihrer Mutter Mag. pharm. Elisabeth Bauer-Soos und einem gro\u00dfen Team unterst\u00fctzt.<\/p>\n\n\n\n<p>Wir legen besonderes Augenmerk auf die richtige Kombination aus klassischen Medikamenten, hom\u00f6opathischen Mitteln und alternativen Naturprodukten. Nutzen Sie das Fachwissen unserer geschulten Fachkr\u00e4fte und fragen Sie uns!<\/p>\n\n\n\n<p>Wir nehmen uns f\u00fcr Sie Zeit, beraten in deutsch, englisch, t\u00fcrkisch, serbisch, kroatisch, slowenisch und arabisch und gehen auf Ihre individuellen Bed\u00fcrfnisse ein!<\/p>\n\n\n\n<p><strong>\u00d6ffnungszeiten<\/strong><br>Mo-Fr 8.00 &#8211; 18.00&nbsp;<br>Sa 8.00 &#8211; 12.00<\/p>\n\n\n\n<p><strong>APOTHEKE ZUM PAPST<br>Neulerchenfelder Str. 4 \u2022 1160 Wien<\/strong><\/p>\n\n\n\n<p><strong>Tel. +43 (0)1 406 24 25<br><a href=\"mailto:info@apozumpapst.at\">info@apozumpapst.at<\/a><br><a href=\"https:\/\/www.apozumpapst.at\/\" target=\"_blank\" rel=\"noreferrer noopener\">www.apozumpapst.at<\/a><\/strong><\/p>\n","protected":false},"excerpt":{"rendered":"<p>In guter Familientradition f\u00fchrt Mag. Brigitte Glantschnig seit 2022 die Apotheke zum Papst und wird von ihrer Mutter Mag. pharm. Elisabeth Bauer-Soos und einem gro\u00dfen Team unterst\u00fctzt. Wir legen besonderes Augenmerk auf die richtige Kombination aus klassischen Medikamenten, hom\u00f6opathischen Mitteln und alternativen Naturprodukten. Nutzen Sie das Fachwissen unserer geschulten Fachkr\u00e4fte und fragen Sie uns! Wir [&hellip;]<\/p>\n","protected":false},"author":6,"featured_media":0,"parent":1515,"menu_order":0,"comment_status":"closed","ping_status":"closed","template":"","meta":{"ocean_post_layout":"full-width","ocean_both_sidebars_style":"","ocean_both_sidebars_content_width":0,"ocean_both_sidebars_sidebars_width":0,"ocean_sidebar":"0","ocean_second_sidebar":"0","ocean_disable_margins":"enable","ocean_add_body_class":"","ocean_shortcode_before_top_bar":"","ocean_shortcode_after_top_bar":"","ocean_shortcode_before_header":"","ocean_shortcode_after_header":"","ocean_has_shortcode":"","ocean_shortcode_after_title":"","ocean_shortcode_before_footer_widgets":"","ocean_shortcode_after_footer_widgets":"","ocean_shortcode_before_footer_bottom":"","ocean_shortcode_after_footer_bottom":"","ocean_display_top_bar":"default","ocean_display_header":"default","ocean_header_style":"","ocean_center_header_left_menu":"0","ocean_custom_header_template":"0","ocean_custom_logo":0,"ocean_custom_retina_logo":0,"ocean_custom_logo_max_width":0,"ocean_custom_logo_tablet_max_width":0,"ocean_custom_logo_mobile_max_width":0,"ocean_custom_logo_max_height":0,"ocean_custom_logo_tablet_max_height":0,"ocean_custom_logo_mobile_max_height":0,"ocean_header_custom_menu":"0","ocean_menu_typo_font_family":"0","ocean_menu_typo_font_subset":"","ocean_menu_typo_font_size":0,"ocean_menu_typo_font_size_tablet":0,"ocean_menu_typo_font_size_mobile":0,"ocean_menu_typo_font_size_unit":"px","ocean_menu_typo_font_weight":"","ocean_menu_typo_font_weight_tablet":"","ocean_menu_typo_font_weight_mobile":"","ocean_menu_typo_transform":"","ocean_menu_typo_transform_tablet":"","ocean_menu_typo_transform_mobile":"","ocean_menu_typo_line_height":0,"ocean_menu_typo_line_height_tablet":0,"ocean_menu_typo_line_height_mobile":0,"ocean_menu_typo_line_height_unit":"","ocean_menu_typo_spacing":0,"ocean_menu_typo_spacing_tablet":0,"ocean_menu_typo_spacing_mobile":0,"ocean_menu_typo_spacing_unit":"","ocean_menu_link_color":"","ocean_menu_link_color_hover":"","ocean_menu_link_color_active":"","ocean_menu_link_background":"","ocean_menu_link_hover_background":"","ocean_menu_link_active_background":"","ocean_menu_social_links_bg":"","ocean_menu_social_hover_links_bg":"","ocean_menu_social_links_color":"","ocean_menu_social_hover_links_color":"","ocean_disable_title":"enable","ocean_disable_heading":"default","ocean_post_title":"Apotheke zum Papst","ocean_post_subheading":"Individuelle Beratung in vielen Sprachen","ocean_post_title_style":"","ocean_post_title_background_color":"","ocean_post_title_background":0,"ocean_post_title_bg_image_position":"","ocean_post_title_bg_image_attachment":"","ocean_post_title_bg_image_repeat":"","ocean_post_title_bg_image_size":"","ocean_post_title_height":0,"ocean_post_title_bg_overlay":0.5,"ocean_post_title_bg_overlay_color":"","ocean_disable_breadcrumbs":"default","ocean_breadcrumbs_color":"","ocean_breadcrumbs_separator_color":"","ocean_breadcrumbs_links_color":"","ocean_breadcrumbs_links_hover_color":"","ocean_display_footer_widgets":"default","ocean_display_footer_bottom":"default","ocean_custom_footer_template":"0","footnotes":""},"class_list":["post-1570","page","type-page","status-publish","hentry","entry"],"_links":{"self":[{"href":"http:\/\/www.sann.at\/brunnenviertel\/wp-json\/wp\/v2\/pages\/1570","targetHints":{"allow":["GET"]}}],"collection":[{"href":"http:\/\/www.sann.at\/brunnenviertel\/wp-json\/wp\/v2\/pages"}],"about":[{"href":"http:\/\/www.sann.at\/brunnenviertel\/wp-json\/wp\/v2\/types\/page"}],"author":[{"embeddable":true,"href":"http:\/\/www.sann.at\/brunnenviertel\/wp-json\/wp\/v2\/users\/6"}],"replies":[{"embeddable":true,"href":"http:\/\/www.sann.at\/brunnenviertel\/wp-json\/wp\/v2\/comments?post=1570"}],"version-history":[{"count":2,"href":"http:\/\/www.sann.at\/brunnenviertel\/wp-json\/wp\/v2\/pages\/1570\/revisions"}],"predecessor-version":[{"id":1628,"href":"http:\/\/www.sann.at\/brunnenviertel\/wp-json\/wp\/v2\/pages\/1570\/revisions\/1628"}],"up":[{"embeddable":true,"href":"http:\/\/www.sann.at\/brunnenviertel\/wp-json\/wp\/v2\/pages\/1515"}],"wp:attachment":[{"href":"http:\/\/www.sann.at\/brunnenviertel\/wp-json\/wp\/v2\/media?parent=1570"}],"curies":[{"name":"wp","href":"https:\/\/api.w.org\/{rel}","templated":true}]}}