{"id":1566,"date":"2025-07-08T16:00:01","date_gmt":"2025-07-08T14:00:01","guid":{"rendered":"https:\/\/www.sann.at\/brunnenviertel\/?page_id=1566"},"modified":"2025-07-08T16:47:11","modified_gmt":"2025-07-08T14:47:11","slug":"blumen-weiser","status":"publish","type":"page","link":"http:\/\/www.sann.at\/brunnenviertel\/unternehmer\/blumen-weiser\/","title":{"rendered":"Blumen Weiser"},"content":{"rendered":"<div class=\"wp-block-image\">\n<figure class=\"alignleft size-full is-resized\"><img loading=\"lazy\" decoding=\"async\" width=\"595\" height=\"839\" src=\"https:\/\/www.sann.at\/brunnenviertel\/wp-content\/uploads\/2025\/07\/Blumen_Weiser.jpg\" alt=\"\" class=\"wp-image-1567\" style=\"width:355px;height:500px\" srcset=\"http:\/\/www.sann.at\/brunnenviertel\/wp-content\/uploads\/2025\/07\/Blumen_Weiser.jpg 595w, http:\/\/www.sann.at\/brunnenviertel\/wp-content\/uploads\/2025\/07\/Blumen_Weiser-213x300.jpg 213w\" sizes=\"auto, (max-width: 595px) 100vw, 595px\" \/><\/figure><\/div>\n\n\n<p>Ilse und Johann Weiser bieten Blumenschmuck direkt am Brunnenmarkt an.<\/p>\n\n\n\n<p>Wir verkaufen Sommerpflanzen, Rosen, Gr\u00fcnpflanzen und Kr\u00e4uter. Brautstr\u00e4u\u00dfe, Kr\u00e4nze, Buketts, Gestecke binden wir in liebevoller Handarbeit selbst.<\/p>\n\n\n\n<p>Ob Zimmerpflanzen, Kr\u00e4nze oder Schnittblumen &#8211; wir haben die richtige Fauna und liefern diese auch gerne an Sie!<\/p>\n\n\n\n<p><strong>\u00d6ffnungszeiten<\/strong><br>Mo-Fr 7.45 &#8211; 18.00&nbsp;<br>Sa 7.45 &#8211; 17.00<\/p>\n\n\n\n<p><strong>BLUMEN WEISER<br>Brunnengasse 59 \u2022 1160 Wien<\/strong><\/p>\n\n\n\n<p><strong>Tel. +43 (0)1 40 90 439<br><a href=\"mailto:blumen-weiser@outlook.com\">blumen-weiser@outlook.com<\/a><br><a href=\"http:\/\/www.blumen-weiser.at\/\" target=\"_blank\" rel=\"noreferrer noopener\">www.blumen-weiser.at<\/a><\/strong><\/p>\n","protected":false},"excerpt":{"rendered":"<p>Ilse und Johann Weiser bieten Blumenschmuck direkt am Brunnenmarkt an. Wir verkaufen Sommerpflanzen, Rosen, Gr\u00fcnpflanzen und Kr\u00e4uter. Brautstr\u00e4u\u00dfe, Kr\u00e4nze, Buketts, Gestecke binden wir in liebevoller Handarbeit selbst. Ob Zimmerpflanzen, Kr\u00e4nze oder Schnittblumen &#8211; wir haben die richtige Fauna und liefern diese auch gerne an Sie! \u00d6ffnungszeitenMo-Fr 7.45 &#8211; 18.00&nbsp;Sa 7.45 &#8211; 17.00 BLUMEN WEISERBrunnengasse 59 [&hellip;]<\/p>\n","protected":false},"author":6,"featured_media":0,"parent":1515,"menu_order":0,"comment_status":"closed","ping_status":"closed","template":"","meta":{"ocean_post_layout":"full-width","ocean_both_sidebars_style":"","ocean_both_sidebars_content_width":0,"ocean_both_sidebars_sidebars_width":0,"ocean_sidebar":"0","ocean_second_sidebar":"0","ocean_disable_margins":"enable","ocean_add_body_class":"","ocean_shortcode_before_top_bar":"","ocean_shortcode_after_top_bar":"","ocean_shortcode_before_header":"","ocean_shortcode_after_header":"","ocean_has_shortcode":"","ocean_shortcode_after_title":"","ocean_shortcode_before_footer_widgets":"","ocean_shortcode_after_footer_widgets":"","ocean_shortcode_before_footer_bottom":"","ocean_shortcode_after_footer_bottom":"","ocean_display_top_bar":"default","ocean_display_header":"default","ocean_header_style":"","ocean_center_header_left_menu":"0","ocean_custom_header_template":"0","ocean_custom_logo":0,"ocean_custom_retina_logo":0,"ocean_custom_logo_max_width":0,"ocean_custom_logo_tablet_max_width":0,"ocean_custom_logo_mobile_max_width":0,"ocean_custom_logo_max_height":0,"ocean_custom_logo_tablet_max_height":0,"ocean_custom_logo_mobile_max_height":0,"ocean_header_custom_menu":"0","ocean_menu_typo_font_family":"0","ocean_menu_typo_font_subset":"","ocean_menu_typo_font_size":0,"ocean_menu_typo_font_size_tablet":0,"ocean_menu_typo_font_size_mobile":0,"ocean_menu_typo_font_size_unit":"px","ocean_menu_typo_font_weight":"","ocean_menu_typo_font_weight_tablet":"","ocean_menu_typo_font_weight_mobile":"","ocean_menu_typo_transform":"","ocean_menu_typo_transform_tablet":"","ocean_menu_typo_transform_mobile":"","ocean_menu_typo_line_height":0,"ocean_menu_typo_line_height_tablet":0,"ocean_menu_typo_line_height_mobile":0,"ocean_menu_typo_line_height_unit":"","ocean_menu_typo_spacing":0,"ocean_menu_typo_spacing_tablet":0,"ocean_menu_typo_spacing_mobile":0,"ocean_menu_typo_spacing_unit":"","ocean_menu_link_color":"","ocean_menu_link_color_hover":"","ocean_menu_link_color_active":"","ocean_menu_link_background":"","ocean_menu_link_hover_background":"","ocean_menu_link_active_background":"","ocean_menu_social_links_bg":"","ocean_menu_social_hover_links_bg":"","ocean_menu_social_links_color":"","ocean_menu_social_hover_links_color":"","ocean_disable_title":"enable","ocean_disable_heading":"default","ocean_post_title":"Blumen Weiser","ocean_post_subheading":"Das sympathische Floristikfachgesch\u00e4ft  am Brunnenmarkt","ocean_post_title_style":"","ocean_post_title_background_color":"","ocean_post_title_background":0,"ocean_post_title_bg_image_position":"","ocean_post_title_bg_image_attachment":"","ocean_post_title_bg_image_repeat":"","ocean_post_title_bg_image_size":"","ocean_post_title_height":0,"ocean_post_title_bg_overlay":0.5,"ocean_post_title_bg_overlay_color":"","ocean_disable_breadcrumbs":"default","ocean_breadcrumbs_color":"","ocean_breadcrumbs_separator_color":"","ocean_breadcrumbs_links_color":"","ocean_breadcrumbs_links_hover_color":"","ocean_display_footer_widgets":"default","ocean_display_footer_bottom":"default","ocean_custom_footer_template":"0","footnotes":""},"class_list":["post-1566","page","type-page","status-publish","hentry","entry"],"_links":{"self":[{"href":"http:\/\/www.sann.at\/brunnenviertel\/wp-json\/wp\/v2\/pages\/1566","targetHints":{"allow":["GET"]}}],"collection":[{"href":"http:\/\/www.sann.at\/brunnenviertel\/wp-json\/wp\/v2\/pages"}],"about":[{"href":"http:\/\/www.sann.at\/brunnenviertel\/wp-json\/wp\/v2\/types\/page"}],"author":[{"embeddable":true,"href":"http:\/\/www.sann.at\/brunnenviertel\/wp-json\/wp\/v2\/users\/6"}],"replies":[{"embeddable":true,"href":"http:\/\/www.sann.at\/brunnenviertel\/wp-json\/wp\/v2\/comments?post=1566"}],"version-history":[{"count":2,"href":"http:\/\/www.sann.at\/brunnenviertel\/wp-json\/wp\/v2\/pages\/1566\/revisions"}],"predecessor-version":[{"id":1627,"href":"http:\/\/www.sann.at\/brunnenviertel\/wp-json\/wp\/v2\/pages\/1566\/revisions\/1627"}],"up":[{"embeddable":true,"href":"http:\/\/www.sann.at\/brunnenviertel\/wp-json\/wp\/v2\/pages\/1515"}],"wp:attachment":[{"href":"http:\/\/www.sann.at\/brunnenviertel\/wp-json\/wp\/v2\/media?parent=1566"}],"curies":[{"name":"wp","href":"https:\/\/api.w.org\/{rel}","templated":true}]}}