{"id":1562,"date":"2025-07-08T15:57:59","date_gmt":"2025-07-08T13:57:59","guid":{"rendered":"https:\/\/www.sann.at\/brunnenviertel\/?page_id=1562"},"modified":"2025-07-08T16:46:51","modified_gmt":"2025-07-08T14:46:51","slug":"sprachkistl","status":"publish","type":"page","link":"http:\/\/www.sann.at\/brunnenviertel\/unternehmer\/sprachkistl\/","title":{"rendered":"Sprachkistl"},"content":{"rendered":"<div class=\"wp-block-image\">\n<figure class=\"alignleft size-full is-resized\"><img loading=\"lazy\" decoding=\"async\" width=\"595\" height=\"839\" src=\"https:\/\/www.sann.at\/brunnenviertel\/wp-content\/uploads\/2025\/07\/Sprachkistl.jpg\" alt=\"\" class=\"wp-image-1563\" style=\"width:355px;height:500px\" srcset=\"http:\/\/www.sann.at\/brunnenviertel\/wp-content\/uploads\/2025\/07\/Sprachkistl.jpg 595w, http:\/\/www.sann.at\/brunnenviertel\/wp-content\/uploads\/2025\/07\/Sprachkistl-213x300.jpg 213w\" sizes=\"auto, (max-width: 595px) 100vw, 595px\" \/><\/figure><\/div>\n\n\n<p>Cristina Sann ist dreisprachig aufgewachsen und hat mehr als 25 Jahre Erfahrung als Sprachtrainerin.<\/p>\n\n\n\n<p>Im Sprachkistl gibt es individuell angepasste Sprachkurse und Nachhilfe f\u00fcr Englisch, Deutsch und Rum\u00e4nisch, die genau Ihren Bed\u00fcrfnissen entsprechen. Ich unterrichte auch Kinder aller Altersgruppen in Deutsch und Englisch. Auch mit Lernberatung und Legasthenie Training stehe ich Ihnen gerne zur Seite.<br>F\u00fcr Unternehmen biete ich Workshops zu interkultureller Kommunikation, Business Writing und verschiedenen Fachsprachen an.<\/p>\n\n\n\n<p>Informieren Sie sich auf meiner Website \u00fcber mein vielf\u00e4ltiges Angebot!<\/p>\n\n\n\n<p><strong>\u00d6ffnungszeiten<\/strong><br>Nach Vereinbarung<\/p>\n\n\n\n<p><strong>SPRACHKISTL<br>Neulerchenfelder Str. 52 \/R01 \u2022 1160 Wien<\/strong><\/p>\n\n\n\n<p><strong><a href=\"mailto:office@sprachkistl.at\">office@sprachkistl.at<\/a><br><a href=\"http:\/\/www.sprachkistl.at\/\" target=\"_blank\" rel=\"noreferrer noopener\">www.sprachkistl.at<\/a><\/strong><\/p>\n","protected":false},"excerpt":{"rendered":"<p>Cristina Sann ist dreisprachig aufgewachsen und hat mehr als 25 Jahre Erfahrung als Sprachtrainerin. Im Sprachkistl gibt es individuell angepasste Sprachkurse und Nachhilfe f\u00fcr Englisch, Deutsch und Rum\u00e4nisch, die genau Ihren Bed\u00fcrfnissen entsprechen. Ich unterrichte auch Kinder aller Altersgruppen in Deutsch und Englisch. Auch mit Lernberatung und Legasthenie Training stehe ich Ihnen gerne zur Seite.F\u00fcr [&hellip;]<\/p>\n","protected":false},"author":6,"featured_media":0,"parent":1515,"menu_order":0,"comment_status":"closed","ping_status":"closed","template":"","meta":{"ocean_post_layout":"full-width","ocean_both_sidebars_style":"","ocean_both_sidebars_content_width":0,"ocean_both_sidebars_sidebars_width":0,"ocean_sidebar":"0","ocean_second_sidebar":"0","ocean_disable_margins":"enable","ocean_add_body_class":"","ocean_shortcode_before_top_bar":"","ocean_shortcode_after_top_bar":"","ocean_shortcode_before_header":"","ocean_shortcode_after_header":"","ocean_has_shortcode":"","ocean_shortcode_after_title":"","ocean_shortcode_before_footer_widgets":"","ocean_shortcode_after_footer_widgets":"","ocean_shortcode_before_footer_bottom":"","ocean_shortcode_after_footer_bottom":"","ocean_display_top_bar":"default","ocean_display_header":"default","ocean_header_style":"","ocean_center_header_left_menu":"0","ocean_custom_header_template":"0","ocean_custom_logo":0,"ocean_custom_retina_logo":0,"ocean_custom_logo_max_width":0,"ocean_custom_logo_tablet_max_width":0,"ocean_custom_logo_mobile_max_width":0,"ocean_custom_logo_max_height":0,"ocean_custom_logo_tablet_max_height":0,"ocean_custom_logo_mobile_max_height":0,"ocean_header_custom_menu":"0","ocean_menu_typo_font_family":"0","ocean_menu_typo_font_subset":"","ocean_menu_typo_font_size":0,"ocean_menu_typo_font_size_tablet":0,"ocean_menu_typo_font_size_mobile":0,"ocean_menu_typo_font_size_unit":"px","ocean_menu_typo_font_weight":"","ocean_menu_typo_font_weight_tablet":"","ocean_menu_typo_font_weight_mobile":"","ocean_menu_typo_transform":"","ocean_menu_typo_transform_tablet":"","ocean_menu_typo_transform_mobile":"","ocean_menu_typo_line_height":0,"ocean_menu_typo_line_height_tablet":0,"ocean_menu_typo_line_height_mobile":0,"ocean_menu_typo_line_height_unit":"","ocean_menu_typo_spacing":0,"ocean_menu_typo_spacing_tablet":0,"ocean_menu_typo_spacing_mobile":0,"ocean_menu_typo_spacing_unit":"","ocean_menu_link_color":"","ocean_menu_link_color_hover":"","ocean_menu_link_color_active":"","ocean_menu_link_background":"","ocean_menu_link_hover_background":"","ocean_menu_link_active_background":"","ocean_menu_social_links_bg":"","ocean_menu_social_hover_links_bg":"","ocean_menu_social_links_color":"","ocean_menu_social_hover_links_color":"","ocean_disable_title":"enable","ocean_disable_heading":"default","ocean_post_title":"Sprachkistl","ocean_post_subheading":"Die Sprachschule f\u00fcr Kinder und Erwachsene","ocean_post_title_style":"","ocean_post_title_background_color":"","ocean_post_title_background":0,"ocean_post_title_bg_image_position":"","ocean_post_title_bg_image_attachment":"","ocean_post_title_bg_image_repeat":"","ocean_post_title_bg_image_size":"","ocean_post_title_height":0,"ocean_post_title_bg_overlay":0.5,"ocean_post_title_bg_overlay_color":"","ocean_disable_breadcrumbs":"default","ocean_breadcrumbs_color":"","ocean_breadcrumbs_separator_color":"","ocean_breadcrumbs_links_color":"","ocean_breadcrumbs_links_hover_color":"","ocean_display_footer_widgets":"default","ocean_display_footer_bottom":"default","ocean_custom_footer_template":"0","footnotes":""},"class_list":["post-1562","page","type-page","status-publish","hentry","entry"],"_links":{"self":[{"href":"http:\/\/www.sann.at\/brunnenviertel\/wp-json\/wp\/v2\/pages\/1562","targetHints":{"allow":["GET"]}}],"collection":[{"href":"http:\/\/www.sann.at\/brunnenviertel\/wp-json\/wp\/v2\/pages"}],"about":[{"href":"http:\/\/www.sann.at\/brunnenviertel\/wp-json\/wp\/v2\/types\/page"}],"author":[{"embeddable":true,"href":"http:\/\/www.sann.at\/brunnenviertel\/wp-json\/wp\/v2\/users\/6"}],"replies":[{"embeddable":true,"href":"http:\/\/www.sann.at\/brunnenviertel\/wp-json\/wp\/v2\/comments?post=1562"}],"version-history":[{"count":3,"href":"http:\/\/www.sann.at\/brunnenviertel\/wp-json\/wp\/v2\/pages\/1562\/revisions"}],"predecessor-version":[{"id":1626,"href":"http:\/\/www.sann.at\/brunnenviertel\/wp-json\/wp\/v2\/pages\/1562\/revisions\/1626"}],"up":[{"embeddable":true,"href":"http:\/\/www.sann.at\/brunnenviertel\/wp-json\/wp\/v2\/pages\/1515"}],"wp:attachment":[{"href":"http:\/\/www.sann.at\/brunnenviertel\/wp-json\/wp\/v2\/media?parent=1562"}],"curies":[{"name":"wp","href":"https:\/\/api.w.org\/{rel}","templated":true}]}}