{"id":1550,"date":"2025-07-08T15:52:01","date_gmt":"2025-07-08T13:52:01","guid":{"rendered":"https:\/\/www.sann.at\/brunnenviertel\/?page_id=1550"},"modified":"2025-07-08T16:45:40","modified_gmt":"2025-07-08T14:45:40","slug":"stauds-wien","status":"publish","type":"page","link":"http:\/\/www.sann.at\/brunnenviertel\/unternehmer\/stauds-wien\/","title":{"rendered":"Staud\u2019s Wien"},"content":{"rendered":"<div class=\"wp-block-image\">\n<figure class=\"alignleft size-full is-resized\"><img loading=\"lazy\" decoding=\"async\" width=\"595\" height=\"839\" src=\"https:\/\/www.sann.at\/brunnenviertel\/wp-content\/uploads\/2025\/07\/Stauds_Wien.jpg\" alt=\"\" class=\"wp-image-1551\" style=\"width:355px;height:500px\" srcset=\"http:\/\/www.sann.at\/brunnenviertel\/wp-content\/uploads\/2025\/07\/Stauds_Wien.jpg 595w, http:\/\/www.sann.at\/brunnenviertel\/wp-content\/uploads\/2025\/07\/Stauds_Wien-213x300.jpg 213w\" sizes=\"auto, (max-width: 595px) 100vw, 595px\" \/><\/figure><\/div>\n\n\n<p>Weil\u2019s uns nicht Powidl ist.<br>Begonnen hat alles mit Marillen und Gurken.<br>Heute tr\u00e4gt das Wiener Traditionsunternehmen seine s\u00fc\u00dfen und feinsauren Delikatessen von Wien nach New York bis Tokyo in die ganze Welt.<\/p>\n\n\n\n<p>Genau dort, wo alles begann, offenbart der Blick<br>in das STAUD\u2019S Pavillon, liebevoll \u201eStandl\u201c genannt, eine schier ungeahnte Vielfalt an mittlerweile mehr als 230 Sorten \u2013 jede einzelne auf h\u00f6chste Qualit\u00e4t bedacht. Das schmecken Sie seit \u00fcber 50 Jahren. Kommen Sie, gustieren Sie, genie\u00dfen Sie!<\/p>\n\n\n\n<p><strong>\u00d6ffnungszeiten<\/strong><br>Di\u2013Fr 8.30 \u2013 12.30 | 15.00 \u2013 18.00<br>Sa 8.00 \u2013 14.00<\/p>\n\n\n\n<p><strong>STAUD\u2019s Pavillon<br>Brunnenmarkt 156 \u2022 1160 Wien<br>Ecke Brunnengasse\/Schellhammergasse<\/strong><\/p>\n\n\n\n<p><strong>Tel. +43 (0)1 406 88 05-21<br><a href=\"mailto:pavillon@stauds.com\">pavillon@stauds.com<\/a><br><a href=\"https:\/\/www.stauds.com\/\" target=\"_blank\" rel=\"noreferrer noopener\">www.stauds.com<\/a><\/strong><\/p>\n","protected":false},"excerpt":{"rendered":"<p>Weil\u2019s uns nicht Powidl ist.Begonnen hat alles mit Marillen und Gurken.Heute tr\u00e4gt das Wiener Traditionsunternehmen seine s\u00fc\u00dfen und feinsauren Delikatessen von Wien nach New York bis Tokyo in die ganze Welt. Genau dort, wo alles begann, offenbart der Blickin das STAUD\u2019S Pavillon, liebevoll \u201eStandl\u201c genannt, eine schier ungeahnte Vielfalt an mittlerweile mehr als 230 Sorten [&hellip;]<\/p>\n","protected":false},"author":6,"featured_media":0,"parent":1515,"menu_order":0,"comment_status":"closed","ping_status":"closed","template":"","meta":{"ocean_post_layout":"full-width","ocean_both_sidebars_style":"","ocean_both_sidebars_content_width":0,"ocean_both_sidebars_sidebars_width":0,"ocean_sidebar":"0","ocean_second_sidebar":"0","ocean_disable_margins":"enable","ocean_add_body_class":"","ocean_shortcode_before_top_bar":"","ocean_shortcode_after_top_bar":"","ocean_shortcode_before_header":"","ocean_shortcode_after_header":"","ocean_has_shortcode":"","ocean_shortcode_after_title":"","ocean_shortcode_before_footer_widgets":"","ocean_shortcode_after_footer_widgets":"","ocean_shortcode_before_footer_bottom":"","ocean_shortcode_after_footer_bottom":"","ocean_display_top_bar":"default","ocean_display_header":"default","ocean_header_style":"","ocean_center_header_left_menu":"0","ocean_custom_header_template":"0","ocean_custom_logo":0,"ocean_custom_retina_logo":0,"ocean_custom_logo_max_width":0,"ocean_custom_logo_tablet_max_width":0,"ocean_custom_logo_mobile_max_width":0,"ocean_custom_logo_max_height":0,"ocean_custom_logo_tablet_max_height":0,"ocean_custom_logo_mobile_max_height":0,"ocean_header_custom_menu":"0","ocean_menu_typo_font_family":"0","ocean_menu_typo_font_subset":"","ocean_menu_typo_font_size":0,"ocean_menu_typo_font_size_tablet":0,"ocean_menu_typo_font_size_mobile":0,"ocean_menu_typo_font_size_unit":"px","ocean_menu_typo_font_weight":"","ocean_menu_typo_font_weight_tablet":"","ocean_menu_typo_font_weight_mobile":"","ocean_menu_typo_transform":"","ocean_menu_typo_transform_tablet":"","ocean_menu_typo_transform_mobile":"","ocean_menu_typo_line_height":0,"ocean_menu_typo_line_height_tablet":0,"ocean_menu_typo_line_height_mobile":0,"ocean_menu_typo_line_height_unit":"","ocean_menu_typo_spacing":0,"ocean_menu_typo_spacing_tablet":0,"ocean_menu_typo_spacing_mobile":0,"ocean_menu_typo_spacing_unit":"","ocean_menu_link_color":"","ocean_menu_link_color_hover":"","ocean_menu_link_color_active":"","ocean_menu_link_background":"","ocean_menu_link_hover_background":"","ocean_menu_link_active_background":"","ocean_menu_social_links_bg":"","ocean_menu_social_hover_links_bg":"","ocean_menu_social_links_color":"","ocean_menu_social_hover_links_color":"","ocean_disable_title":"enable","ocean_disable_heading":"default","ocean_post_title":"Staud's Wien","ocean_post_subheading":"Feinste Verf\u00fchrung aus Wien","ocean_post_title_style":"","ocean_post_title_background_color":"","ocean_post_title_background":0,"ocean_post_title_bg_image_position":"","ocean_post_title_bg_image_attachment":"","ocean_post_title_bg_image_repeat":"","ocean_post_title_bg_image_size":"","ocean_post_title_height":0,"ocean_post_title_bg_overlay":0.5,"ocean_post_title_bg_overlay_color":"","ocean_disable_breadcrumbs":"default","ocean_breadcrumbs_color":"","ocean_breadcrumbs_separator_color":"","ocean_breadcrumbs_links_color":"","ocean_breadcrumbs_links_hover_color":"","ocean_display_footer_widgets":"default","ocean_display_footer_bottom":"default","ocean_custom_footer_template":"0","footnotes":""},"class_list":["post-1550","page","type-page","status-publish","hentry","entry"],"_links":{"self":[{"href":"http:\/\/www.sann.at\/brunnenviertel\/wp-json\/wp\/v2\/pages\/1550","targetHints":{"allow":["GET"]}}],"collection":[{"href":"http:\/\/www.sann.at\/brunnenviertel\/wp-json\/wp\/v2\/pages"}],"about":[{"href":"http:\/\/www.sann.at\/brunnenviertel\/wp-json\/wp\/v2\/types\/page"}],"author":[{"embeddable":true,"href":"http:\/\/www.sann.at\/brunnenviertel\/wp-json\/wp\/v2\/users\/6"}],"replies":[{"embeddable":true,"href":"http:\/\/www.sann.at\/brunnenviertel\/wp-json\/wp\/v2\/comments?post=1550"}],"version-history":[{"count":3,"href":"http:\/\/www.sann.at\/brunnenviertel\/wp-json\/wp\/v2\/pages\/1550\/revisions"}],"predecessor-version":[{"id":1621,"href":"http:\/\/www.sann.at\/brunnenviertel\/wp-json\/wp\/v2\/pages\/1550\/revisions\/1621"}],"up":[{"embeddable":true,"href":"http:\/\/www.sann.at\/brunnenviertel\/wp-json\/wp\/v2\/pages\/1515"}],"wp:attachment":[{"href":"http:\/\/www.sann.at\/brunnenviertel\/wp-json\/wp\/v2\/media?parent=1550"}],"curies":[{"name":"wp","href":"https:\/\/api.w.org\/{rel}","templated":true}]}}