{"id":1531,"date":"2025-07-08T15:36:21","date_gmt":"2025-07-08T13:36:21","guid":{"rendered":"https:\/\/www.sann.at\/brunnenviertel\/?page_id=1531"},"modified":"2025-07-08T15:36:21","modified_gmt":"2025-07-08T13:36:21","slug":"kaeseparadies","status":"publish","type":"page","link":"http:\/\/www.sann.at\/brunnenviertel\/unternehmer\/kaeseparadies\/","title":{"rendered":"K\u00e4separadies"},"content":{"rendered":"<div class=\"wp-block-image\">\n<figure class=\"alignleft size-full is-resized\"><img loading=\"lazy\" decoding=\"async\" width=\"595\" height=\"839\" src=\"https:\/\/www.sann.at\/brunnenviertel\/wp-content\/uploads\/2025\/07\/Kaeseparadies.jpg\" alt=\"\" class=\"wp-image-1532\" style=\"width:355px;height:500px\" srcset=\"http:\/\/www.sann.at\/brunnenviertel\/wp-content\/uploads\/2025\/07\/Kaeseparadies.jpg 595w, http:\/\/www.sann.at\/brunnenviertel\/wp-content\/uploads\/2025\/07\/Kaeseparadies-213x300.jpg 213w\" sizes=\"auto, (max-width: 595px) 100vw, 595px\" \/><\/figure><\/div>\n\n\n<p>Azmi Ersoy ist der K\u00e4sespezialist und bietet sein Service am Wiener Brunnenmarkt in Ottakring an.<\/p>\n\n\n\n<p>Sie finden bei uns \u00fcber 400 verschiedene K\u00e4sesorten aus aller Welt. Kaum ein Nahrungsmittel ist so reich an wertvollen Inhaltsstoffen wie K\u00e4se. Ob f\u00fcr den Knochenbau, f\u00fcr gesunde Haut oder kr\u00e4ftige Haare \u2013 K\u00e4se ist ein Fitmacher der Extraklasse.<br>Daneben bieten wir Trockenfr\u00fcchte wie Ingwer, Erdbeeren, Preiselbeeren und Leckereien aus dem Orient, sowie Bulgur, Linsen, t\u00fcrkischen Kaffee an.<br>Wir freuen uns auf Ihren Besuch!<\/p>\n\n\n\n<p><strong>\u00d6ffnungszeiten<\/strong><br>Mo-Fr 8.00 &#8211; 18.00<br>Sa: 8.00 &#8211; 18.00<\/p>\n\n\n\n<p><strong>K\u00c4SEPARADIES<br>Azmi Ersoy KG<br>Brunnengasse Marktstand 84 \u2022 1160 Wien<\/strong><\/p>\n\n\n\n<p><strong>Tel. +43 (0)699 11213114 oder +43 (0)664 2003669<br>info@kaeseparadies.at<br><a href=\"https:\/\/www.kaeseparadies.at\/\" target=\"_blank\" rel=\"noreferrer noopener\">www.kaeseparadies.at<\/a><\/strong><\/p>\n","protected":false},"excerpt":{"rendered":"<p>Azmi Ersoy ist der K\u00e4sespezialist und bietet sein Service am Wiener Brunnenmarkt in Ottakring an. Sie finden bei uns \u00fcber 400 verschiedene K\u00e4sesorten aus aller Welt. Kaum ein Nahrungsmittel ist so reich an wertvollen Inhaltsstoffen wie K\u00e4se. Ob f\u00fcr den Knochenbau, f\u00fcr gesunde Haut oder kr\u00e4ftige Haare \u2013 K\u00e4se ist ein Fitmacher der Extraklasse.Daneben bieten [&hellip;]<\/p>\n","protected":false},"author":6,"featured_media":0,"parent":1515,"menu_order":0,"comment_status":"closed","ping_status":"closed","template":"","meta":{"ocean_post_layout":"full-width","ocean_both_sidebars_style":"","ocean_both_sidebars_content_width":0,"ocean_both_sidebars_sidebars_width":0,"ocean_sidebar":"0","ocean_second_sidebar":"0","ocean_disable_margins":"enable","ocean_add_body_class":"","ocean_shortcode_before_top_bar":"","ocean_shortcode_after_top_bar":"","ocean_shortcode_before_header":"","ocean_shortcode_after_header":"","ocean_has_shortcode":"","ocean_shortcode_after_title":"","ocean_shortcode_before_footer_widgets":"","ocean_shortcode_after_footer_widgets":"","ocean_shortcode_before_footer_bottom":"","ocean_shortcode_after_footer_bottom":"","ocean_display_top_bar":"default","ocean_display_header":"default","ocean_header_style":"","ocean_center_header_left_menu":"0","ocean_custom_header_template":"0","ocean_custom_logo":0,"ocean_custom_retina_logo":0,"ocean_custom_logo_max_width":0,"ocean_custom_logo_tablet_max_width":0,"ocean_custom_logo_mobile_max_width":0,"ocean_custom_logo_max_height":0,"ocean_custom_logo_tablet_max_height":0,"ocean_custom_logo_mobile_max_height":0,"ocean_header_custom_menu":"0","ocean_menu_typo_font_family":"0","ocean_menu_typo_font_subset":"","ocean_menu_typo_font_size":0,"ocean_menu_typo_font_size_tablet":0,"ocean_menu_typo_font_size_mobile":0,"ocean_menu_typo_font_size_unit":"px","ocean_menu_typo_font_weight":"","ocean_menu_typo_font_weight_tablet":"","ocean_menu_typo_font_weight_mobile":"","ocean_menu_typo_transform":"","ocean_menu_typo_transform_tablet":"","ocean_menu_typo_transform_mobile":"","ocean_menu_typo_line_height":0,"ocean_menu_typo_line_height_tablet":0,"ocean_menu_typo_line_height_mobile":0,"ocean_menu_typo_line_height_unit":"","ocean_menu_typo_spacing":0,"ocean_menu_typo_spacing_tablet":0,"ocean_menu_typo_spacing_mobile":0,"ocean_menu_typo_spacing_unit":"","ocean_menu_link_color":"","ocean_menu_link_color_hover":"","ocean_menu_link_color_active":"","ocean_menu_link_background":"","ocean_menu_link_hover_background":"","ocean_menu_link_active_background":"","ocean_menu_social_links_bg":"","ocean_menu_social_hover_links_bg":"","ocean_menu_social_links_color":"","ocean_menu_social_hover_links_color":"","ocean_disable_title":"enable","ocean_disable_heading":"default","ocean_post_title":"K\u00e4separadies","ocean_post_subheading":"Die Spezialisten am Brunnenmarkt","ocean_post_title_style":"","ocean_post_title_background_color":"","ocean_post_title_background":0,"ocean_post_title_bg_image_position":"","ocean_post_title_bg_image_attachment":"","ocean_post_title_bg_image_repeat":"","ocean_post_title_bg_image_size":"","ocean_post_title_height":0,"ocean_post_title_bg_overlay":0.5,"ocean_post_title_bg_overlay_color":"","ocean_disable_breadcrumbs":"default","ocean_breadcrumbs_color":"","ocean_breadcrumbs_separator_color":"","ocean_breadcrumbs_links_color":"","ocean_breadcrumbs_links_hover_color":"","ocean_display_footer_widgets":"default","ocean_display_footer_bottom":"default","ocean_custom_footer_template":"0","footnotes":""},"class_list":["post-1531","page","type-page","status-publish","hentry","entry"],"_links":{"self":[{"href":"http:\/\/www.sann.at\/brunnenviertel\/wp-json\/wp\/v2\/pages\/1531","targetHints":{"allow":["GET"]}}],"collection":[{"href":"http:\/\/www.sann.at\/brunnenviertel\/wp-json\/wp\/v2\/pages"}],"about":[{"href":"http:\/\/www.sann.at\/brunnenviertel\/wp-json\/wp\/v2\/types\/page"}],"author":[{"embeddable":true,"href":"http:\/\/www.sann.at\/brunnenviertel\/wp-json\/wp\/v2\/users\/6"}],"replies":[{"embeddable":true,"href":"http:\/\/www.sann.at\/brunnenviertel\/wp-json\/wp\/v2\/comments?post=1531"}],"version-history":[{"count":1,"href":"http:\/\/www.sann.at\/brunnenviertel\/wp-json\/wp\/v2\/pages\/1531\/revisions"}],"predecessor-version":[{"id":1533,"href":"http:\/\/www.sann.at\/brunnenviertel\/wp-json\/wp\/v2\/pages\/1531\/revisions\/1533"}],"up":[{"embeddable":true,"href":"http:\/\/www.sann.at\/brunnenviertel\/wp-json\/wp\/v2\/pages\/1515"}],"wp:attachment":[{"href":"http:\/\/www.sann.at\/brunnenviertel\/wp-json\/wp\/v2\/media?parent=1531"}],"curies":[{"name":"wp","href":"https:\/\/api.w.org\/{rel}","templated":true}]}}