{"id":1522,"date":"2025-07-08T15:21:27","date_gmt":"2025-07-08T13:21:27","guid":{"rendered":"https:\/\/www.sann.at\/brunnenviertel\/?page_id=1522"},"modified":"2025-07-08T16:44:10","modified_gmt":"2025-07-08T14:44:10","slug":"serhad-kebap-qualitaet","status":"publish","type":"page","link":"http:\/\/www.sann.at\/brunnenviertel\/unternehmer\/serhad-kebap-qualitaet\/","title":{"rendered":"S\u00caRHAD Kebap Qualit\u00e4t"},"content":{"rendered":"<div class=\"wp-block-image\">\n<figure class=\"alignleft size-full is-resized\"><img loading=\"lazy\" decoding=\"async\" width=\"595\" height=\"839\" src=\"https:\/\/www.sann.at\/brunnenviertel\/wp-content\/uploads\/2025\/07\/Serhad_kebap_qualitaet-1.jpg\" alt=\"\" class=\"wp-image-1614\" style=\"width:355px;height:500px\" srcset=\"http:\/\/www.sann.at\/brunnenviertel\/wp-content\/uploads\/2025\/07\/Serhad_kebap_qualitaet-1.jpg 595w, http:\/\/www.sann.at\/brunnenviertel\/wp-content\/uploads\/2025\/07\/Serhad_kebap_qualitaet-1-213x300.jpg 213w\" sizes=\"auto, (max-width: 595px) 100vw, 595px\" \/><\/figure><\/div>\n\n\n<p>Ali Can G\u00fclen betreibt seit 2015 seinen Kebapstand inmitten des belebten und hippen Brunnenviertels. Mit einer gro\u00dfen Auswahl an frischen Zutaten und k\u00f6stlichem Fleisch begeistert sein D\u00f6ner Kebap die Besucher und Besucherinnen des Brunnenmarktes.<\/p>\n\n\n\n<p>Au\u00dferdem werden auch Falafel Sandwich, Schafk\u00e4se D\u00fcrum, Schnitzel, Toast, Fisch und weitere kleine Imbisse angeboten.<\/p>\n\n\n\n<p>\u00dcberzeugen Sie sich von der Qualit\u00e4t unserer Produkte und besuchen Sie meinen Stand!<\/p>\n\n\n\n<p><strong>\u00d6ffnungszeiten<\/strong><br>Mo-Fr 8.00 \u2013 18.00<br>Sa 7.00 \u2013 17.00<\/p>\n\n\n\n<p><strong>S\u00caRHAD KEBAP QUALIT\u00c4T<br>Brunnenmarkt Stand 90 \u2022 1160 Wien<br>Tel. +43 (0)699 182 25 196<\/strong><\/p>\n","protected":false},"excerpt":{"rendered":"<p>Ali Can G\u00fclen betreibt seit 2015 seinen Kebapstand inmitten des belebten und hippen Brunnenviertels. Mit einer gro\u00dfen Auswahl an frischen Zutaten und k\u00f6stlichem Fleisch begeistert sein D\u00f6ner Kebap die Besucher und Besucherinnen des Brunnenmarktes. Au\u00dferdem werden auch Falafel Sandwich, Schafk\u00e4se D\u00fcrum, Schnitzel, Toast, Fisch und weitere kleine Imbisse angeboten. \u00dcberzeugen Sie sich von der Qualit\u00e4t [&hellip;]<\/p>\n","protected":false},"author":6,"featured_media":0,"parent":1515,"menu_order":0,"comment_status":"closed","ping_status":"closed","template":"","meta":{"ocean_post_layout":"full-width","ocean_both_sidebars_style":"","ocean_both_sidebars_content_width":0,"ocean_both_sidebars_sidebars_width":0,"ocean_sidebar":"0","ocean_second_sidebar":"0","ocean_disable_margins":"enable","ocean_add_body_class":"","ocean_shortcode_before_top_bar":"","ocean_shortcode_after_top_bar":"","ocean_shortcode_before_header":"","ocean_shortcode_after_header":"","ocean_has_shortcode":"","ocean_shortcode_after_title":"","ocean_shortcode_before_footer_widgets":"","ocean_shortcode_after_footer_widgets":"","ocean_shortcode_before_footer_bottom":"","ocean_shortcode_after_footer_bottom":"","ocean_display_top_bar":"default","ocean_display_header":"default","ocean_header_style":"","ocean_center_header_left_menu":"0","ocean_custom_header_template":"0","ocean_custom_logo":0,"ocean_custom_retina_logo":0,"ocean_custom_logo_max_width":0,"ocean_custom_logo_tablet_max_width":0,"ocean_custom_logo_mobile_max_width":0,"ocean_custom_logo_max_height":0,"ocean_custom_logo_tablet_max_height":0,"ocean_custom_logo_mobile_max_height":0,"ocean_header_custom_menu":"0","ocean_menu_typo_font_family":"0","ocean_menu_typo_font_subset":"","ocean_menu_typo_font_size":0,"ocean_menu_typo_font_size_tablet":0,"ocean_menu_typo_font_size_mobile":0,"ocean_menu_typo_font_size_unit":"px","ocean_menu_typo_font_weight":"","ocean_menu_typo_font_weight_tablet":"","ocean_menu_typo_font_weight_mobile":"","ocean_menu_typo_transform":"","ocean_menu_typo_transform_tablet":"","ocean_menu_typo_transform_mobile":"","ocean_menu_typo_line_height":0,"ocean_menu_typo_line_height_tablet":0,"ocean_menu_typo_line_height_mobile":0,"ocean_menu_typo_line_height_unit":"","ocean_menu_typo_spacing":0,"ocean_menu_typo_spacing_tablet":0,"ocean_menu_typo_spacing_mobile":0,"ocean_menu_typo_spacing_unit":"","ocean_menu_link_color":"","ocean_menu_link_color_hover":"","ocean_menu_link_color_active":"","ocean_menu_link_background":"","ocean_menu_link_hover_background":"","ocean_menu_link_active_background":"","ocean_menu_social_links_bg":"","ocean_menu_social_hover_links_bg":"","ocean_menu_social_links_color":"","ocean_menu_social_hover_links_color":"","ocean_disable_title":"enable","ocean_disable_heading":"default","ocean_post_title":"S\u00caRHAD Kebap Qualit\u00e4t","ocean_post_subheading":"Frisch und freundlich","ocean_post_title_style":"","ocean_post_title_background_color":"","ocean_post_title_background":0,"ocean_post_title_bg_image_position":"","ocean_post_title_bg_image_attachment":"","ocean_post_title_bg_image_repeat":"","ocean_post_title_bg_image_size":"","ocean_post_title_height":0,"ocean_post_title_bg_overlay":0.5,"ocean_post_title_bg_overlay_color":"","ocean_disable_breadcrumbs":"default","ocean_breadcrumbs_color":"","ocean_breadcrumbs_separator_color":"","ocean_breadcrumbs_links_color":"","ocean_breadcrumbs_links_hover_color":"","ocean_display_footer_widgets":"default","ocean_display_footer_bottom":"default","ocean_custom_footer_template":"0","footnotes":""},"class_list":["post-1522","page","type-page","status-publish","hentry","entry"],"_links":{"self":[{"href":"http:\/\/www.sann.at\/brunnenviertel\/wp-json\/wp\/v2\/pages\/1522","targetHints":{"allow":["GET"]}}],"collection":[{"href":"http:\/\/www.sann.at\/brunnenviertel\/wp-json\/wp\/v2\/pages"}],"about":[{"href":"http:\/\/www.sann.at\/brunnenviertel\/wp-json\/wp\/v2\/types\/page"}],"author":[{"embeddable":true,"href":"http:\/\/www.sann.at\/brunnenviertel\/wp-json\/wp\/v2\/users\/6"}],"replies":[{"embeddable":true,"href":"http:\/\/www.sann.at\/brunnenviertel\/wp-json\/wp\/v2\/comments?post=1522"}],"version-history":[{"count":3,"href":"http:\/\/www.sann.at\/brunnenviertel\/wp-json\/wp\/v2\/pages\/1522\/revisions"}],"predecessor-version":[{"id":1615,"href":"http:\/\/www.sann.at\/brunnenviertel\/wp-json\/wp\/v2\/pages\/1522\/revisions\/1615"}],"up":[{"embeddable":true,"href":"http:\/\/www.sann.at\/brunnenviertel\/wp-json\/wp\/v2\/pages\/1515"}],"wp:attachment":[{"href":"http:\/\/www.sann.at\/brunnenviertel\/wp-json\/wp\/v2\/media?parent=1522"}],"curies":[{"name":"wp","href":"https:\/\/api.w.org\/{rel}","templated":true}]}}